{"id":11888,"date":"2021-11-09T16:46:56","date_gmt":"2021-11-09T15:46:56","guid":{"rendered":"http:\/\/www.woobasax.com\/?post_type=product&#038;p=11888"},"modified":"2025-11-24T11:08:38","modified_gmt":"2025-11-24T10:08:38","slug":"dan-moi","status":"publish","type":"product","link":"https:\/\/www.woobasax.com\/en\/product\/dan-moi\/","title":{"rendered":"Dan Moi"},"content":{"rendered":"<h4 class=\"mb-2 mt-6 text-lg first:mt-3\"><strong>Dan Moi: Die faszinierende vietnamesische Maultrommel<\/strong><\/h4>\n<p>Entdecken Sie das Dan Moi &#8211; eine einzigartige Variante der Maultrommel aus Vietnam, die Teil der WoobaSax Instrumentenfamilie ist.<\/p>\n<h4 class=\"mb-2 mt-6 text-lg first:mt-3\"><strong>Besondere Spielweise:<\/strong><\/h4>\n<ul class=\"list-disc pl-8\">\n<li>Im Gegensatz zu herk\u00f6mmlichen Maultrommeln wird das Dan Moi nicht an die Z\u00e4hne gepresst<\/li>\n<li>Einfach an die Lippen anlegen f\u00fcr m\u00fcheloses Spielen<\/li>\n<li>Der Mund fungiert als nat\u00fcrlicher Resonanzk\u00f6rper<\/li>\n<li>Klangver\u00e4nderungen durch Zungen-, Kieferbewegungen und Sprachlaute<\/li>\n<\/ul>\n<h5 class=\"mb-2 mt-6 text-lg first:mt-3\"><strong>Handwerkliche Qualit\u00e4t:<\/strong><\/h5>\n<ul class=\"list-disc pl-8\">\n<li>Handgefertigt aus einem hochwertigen Messingstreifen<\/li>\n<li>Produziert einen klaren, obertonreichen Klang<\/li>\n<li>Weites Klangspektrum f\u00fcr vielf\u00e4ltige musikalische Ausdrucksm\u00f6glichkeiten<\/li>\n<\/ul>\n<h5 class=\"mb-2 mt-6 text-lg first:mt-3\"><strong>Lieferumfang:<\/strong><\/h5>\n<ul class=\"list-disc pl-8\">\n<li>Dan Moi Maultrommel<\/li>\n<li>Buntes, stoffumwickeltes Bambusr\u00f6hrchen zur sicheren Aufbewahrung<\/li>\n<\/ul>\n<h5 class=\"mb-2 mt-6 text-lg first:mt-3\"><strong>Vorteile:<\/strong><\/h5>\n<ul class=\"list-disc pl-8\">\n<li>Leicht zu erlernen, auch f\u00fcr Musikeinsteiger<\/li>\n<li>Kompakt und leicht zu transportieren<\/li>\n<li>Vielseitig einsetzbar in verschiedenen Musikstilen<\/li>\n<li>Ideal f\u00fcr Klangexperimente und meditative Musik<\/li>\n<\/ul>\n<p>Das Dan Moi ist eine faszinierende Erg\u00e4nzung zur WoobaSax Produktlinie. Es bietet Musikliebhabern die M\u00f6glichkeit, in die Welt der asiatischen Musikinstrumente einzutauchen und ihre klanglichen Horizonte zu erweitern. Ob als Soloinstrument, zur Begleitung oder f\u00fcr meditative Zwecke &#8211; das Dan Moi er\u00f6ffnet neue musikalische Dimensionen.Erleben Sie die einzigartige Klangwelt des Dan Moi und lassen Sie sich von den vielf\u00e4ltigen M\u00f6glichkeiten dieses traditionellen vietnamesischen Instruments inspirieren.<\/p>","protected":false},"excerpt":{"rendered":"<p>Dan Moi: Die faszinierende vietnamesische Maultrommel Entdecken Sie das Dan<\/p>","protected":false},"featured_media":11889,"comment_status":"open","ping_status":"closed","template":"","meta":[],"product_brand":[],"product_cat":[484],"product_tag":[],"class_list":{"0":"post-11888","1":"product","2":"type-product","3":"status-publish","4":"has-post-thumbnail","6":"product_cat-kleinintrumente","7":"product_shipping_class-maxibrief-500-1000g","9":"first","10":"instock","11":"taxable","12":"shipping-taxable","13":"purchasable","14":"product-type-simple"},"jetpack_sharing_enabled":true,"_links":{"self":[{"href":"https:\/\/www.woobasax.com\/en\/wp-json\/wp\/v2\/product\/11888","targetHints":{"allow":["GET"]}}],"collection":[{"href":"https:\/\/www.woobasax.com\/en\/wp-json\/wp\/v2\/product"}],"about":[{"href":"https:\/\/www.woobasax.com\/en\/wp-json\/wp\/v2\/types\/product"}],"replies":[{"embeddable":true,"href":"https:\/\/www.woobasax.com\/en\/wp-json\/wp\/v2\/comments?post=11888"}],"wp:featuredmedia":[{"embeddable":true,"href":"https:\/\/www.woobasax.com\/en\/wp-json\/wp\/v2\/media\/11889"}],"wp:attachment":[{"href":"https:\/\/www.woobasax.com\/en\/wp-json\/wp\/v2\/media?parent=11888"}],"wp:term":[{"taxonomy":"product_brand","embeddable":true,"href":"https:\/\/www.woobasax.com\/en\/wp-json\/wp\/v2\/product_brand?post=11888"},{"taxonomy":"product_cat","embeddable":true,"href":"https:\/\/www.woobasax.com\/en\/wp-json\/wp\/v2\/product_cat?post=11888"},{"taxonomy":"product_tag","embeddable":true,"href":"https:\/\/www.woobasax.com\/en\/wp-json\/wp\/v2\/product_tag?post=11888"}],"curies":[{"name":"wp","href":"https:\/\/api.w.org\/{rel}","templated":true}]}}