{"id":12203,"date":"2021-11-20T21:49:02","date_gmt":"2021-11-20T20:49:02","guid":{"rendered":"http:\/\/www.woobasax.com\/?page_id=12203"},"modified":"2021-12-12T19:36:49","modified_gmt":"2021-12-12T18:36:49","slug":"liefer-und-zahlungsbedingungen","status":"publish","type":"page","link":"https:\/\/www.woobasax.com\/en\/liefer-und-zahlungsbedingungen\/","title":{"rendered":"Terms of delivery and payment"},"content":{"rendered":"<div data-elementor-type=\"wp-post\" data-elementor-id=\"12203\" class=\"elementor elementor-12203\">\n\t\t\t\t\t\t<section class=\"elementor-section elementor-top-section elementor-element elementor-element-bcec401 elementor-section-stretched elementor-section-content-middle elementor-section-boxed elementor-section-height-default elementor-section-height-default wpr-particle-no wpr-jarallax-no wpr-parallax-no wpr-sticky-section-no wpr-equal-height-no\" data-id=\"bcec401\" data-element_type=\"section\" data-e-type=\"section\" id=\"home\" data-settings=\"{&quot;stretch_section&quot;:&quot;section-stretched&quot;,&quot;background_background&quot;:&quot;classic&quot;}\">\n\t\t\t\t\t\t\t<div class=\"elementor-background-overlay\"><\/div>\n\t\t\t\t\t\t\t<div class=\"elementor-container elementor-column-gap-default\">\n\t\t\t\t\t<div class=\"elementor-column elementor-col-100 elementor-top-column elementor-element elementor-element-52a7eaf\" data-id=\"52a7eaf\" data-element_type=\"column\" data-e-type=\"column\">\n\t\t\t<div class=\"elementor-widget-wrap elementor-element-populated\">\n\t\t\t\t\t\t<div class=\"elementor-element elementor-element-a29b54f elementor-widget elementor-widget-writing-effect-headline\" data-id=\"a29b54f\" data-element_type=\"widget\" data-e-type=\"widget\" data-widget_type=\"writing-effect-headline.default\">\n\t\t\t\t<div class=\"elementor-widget-container\">\n\t\t\t\t\t\t\t<h3 class=\"a13ree-written-headline\" data-speed=\"125\" data-loop=\"1\">\r\n\t\t\t\t\t\t\t<span class=\"before-written\">Terms of delivery and payment<\/span>\r\n\t\t\t\r\n\t\t\t\r\n\t\t\t\t\t<\/h3>\r\n\t\t\t\t\t\t<\/div>\n\t\t\t\t<\/div>\n\t\t\t\t\t<\/div>\n\t\t<\/div>\n\t\t\t\t\t<\/div>\n\t\t<\/section>\n\t\t\t\t<section class=\"elementor-section elementor-top-section elementor-element elementor-element-ebb1da9 elementor-section-stretched elementor-section-boxed elementor-section-height-default elementor-section-height-default wpr-particle-no wpr-jarallax-no wpr-parallax-no wpr-sticky-section-no wpr-equal-height-no\" data-id=\"ebb1da9\" data-element_type=\"section\" data-e-type=\"section\" id=\"shop\" data-settings=\"{&quot;stretch_section&quot;:&quot;section-stretched&quot;}\">\n\t\t\t\t\t\t<div class=\"elementor-container elementor-column-gap-default\">\n\t\t\t\t\t<div class=\"elementor-column elementor-col-100 elementor-top-column elementor-element elementor-element-dd7e3e2\" data-id=\"dd7e3e2\" data-element_type=\"column\" data-e-type=\"column\">\n\t\t\t<div class=\"elementor-widget-wrap elementor-element-populated\">\n\t\t\t\t\t\t<div class=\"elementor-element elementor-element-5045391 elementor-widget elementor-widget-spacer\" data-id=\"5045391\" data-element_type=\"widget\" data-e-type=\"widget\" data-widget_type=\"spacer.default\">\n\t\t\t\t<div class=\"elementor-widget-container\">\n\t\t\t\t\t\t\t<div class=\"elementor-spacer\">\n\t\t\t<div class=\"elementor-spacer-inner\"><\/div>\n\t\t<\/div>\n\t\t\t\t\t\t<\/div>\n\t\t\t\t<\/div>\n\t\t\t\t<div class=\"elementor-element elementor-element-83e9369 elementor-widget elementor-widget-heading\" data-id=\"83e9369\" data-element_type=\"widget\" data-e-type=\"widget\" data-widget_type=\"heading.default\">\n\t\t\t\t<div class=\"elementor-widget-container\">\n\t\t\t\t\t<h2 class=\"elementor-heading-title elementor-size-default\">Special notes on shipping abroad<\/h2>\t\t\t\t<\/div>\n\t\t\t\t<\/div>\n\t\t\t\t<div class=\"elementor-element elementor-element-a81a164 elementor-widget elementor-widget-spacer\" data-id=\"a81a164\" data-element_type=\"widget\" data-e-type=\"widget\" data-widget_type=\"spacer.default\">\n\t\t\t\t<div class=\"elementor-widget-container\">\n\t\t\t\t\t\t\t<div class=\"elementor-spacer\">\n\t\t\t<div class=\"elementor-spacer-inner\"><\/div>\n\t\t<\/div>\n\t\t\t\t\t\t<\/div>\n\t\t\t\t<\/div>\n\t\t\t\t<div class=\"elementor-element elementor-element-8589611 elementor-widget elementor-widget-text-editor\" data-id=\"8589611\" data-element_type=\"widget\" data-e-type=\"widget\" data-widget_type=\"text-editor.default\">\n\t\t\t\t<div class=\"elementor-widget-container\">\n\t\t\t\t\t\t\t\t\t<div id=\"cc-shop-shipping-free-text\"><p class=\"n\">Deliveries abroad may be subject to customs duties, taxes and charges which are not included in the total price shown.<\/p><\/div><p>\u00a0<\/p><div id=\"cc-shop-countries\"><h2 class=\"n\">Countries to which the goods are shipped:<\/h2><table class=\"j-delivery-info\"><thead><tr><th>\u00a0<\/th><th>Standard shipping costs<\/th><\/tr><\/thead><tbody><tr><td>\u00d6sterreich<\/td><td>11,90 \u20ac<\/td><\/tr><tr><td>Schweiz<\/td><td>17,90 \u20ac<\/td><\/tr><tr><td>Germany<\/td><td>7,90 \u20ac<\/td><\/tr><tr><td>Albanien<\/td><td>16,99 \u20ac<\/td><\/tr><tr><td>Andorra<\/td><td>16,99 \u20ac<\/td><\/tr><tr><td>Belarus<\/td><td>16,99 \u20ac<\/td><\/tr><tr><td>Belgien<\/td><td>16,99 \u20ac<\/td><\/tr><tr><td>Bosnien und Herzegowina<\/td><td>16,99 \u20ac<\/td><\/tr><tr><td>Bulgarien<\/td><td>16,99 \u20ac<\/td><\/tr><tr><td>D\u00e4nemark<\/td><td>16,99 \u20ac<\/td><\/tr><tr><td>Estland<\/td><td>16,99 \u20ac<\/td><\/tr><tr><td>F\u00e4r\u00f6er<\/td><td>16,99 \u20ac<\/td><\/tr><tr><td>Finnland<\/td><td>16,99 \u20ac<\/td><\/tr><tr><td>Frankreich<\/td><td>16,99 \u20ac<\/td><\/tr><tr><td>Georgien<\/td><td>16,99 \u20ac<\/td><\/tr><tr><td>Gibraltar<\/td><td>16,99 \u20ac<\/td><\/tr><tr><td>Griechenland<\/td><td>16,99 \u20ac<\/td><\/tr><tr><td>Irland<\/td><td>16,99 \u20ac<\/td><\/tr><tr><td>Island<\/td><td>16,99 \u20ac<\/td><\/tr><tr><td>Italien<\/td><td>16,99 \u20ac<\/td><\/tr><tr><td>Kroatien<\/td><td>16,99 \u20ac<\/td><\/tr><tr><td>Lettland<\/td><td>16,99 \u20ac<\/td><\/tr><tr><td>Liechtenstein<\/td><td>16,99 \u20ac<\/td><\/tr><tr><td>Litauen<\/td><td>16,99 \u20ac<\/td><\/tr><tr><td>Luxemburg<\/td><td>16,99 \u20ac<\/td><\/tr><tr><td>Malta<\/td><td>16,99 \u20ac<\/td><\/tr><tr><td>Mazedonien<\/td><td>16,99 \u20ac<\/td><\/tr><tr><td>Monaco<\/td><td>16,99 \u20ac<\/td><\/tr><tr><td>Montenegro<\/td><td>16,99 \u20ac<\/td><\/tr><tr><td>Montserrat<\/td><td>16,99 \u20ac<\/td><\/tr><tr><td>Niederlande<\/td><td>16,99 \u20ac<\/td><\/tr><tr><td>Norwegen<\/td><td>16,99 \u20ac<\/td><\/tr><tr><td>Polen<\/td><td>16,99 \u20ac<\/td><\/tr><tr><td>Portugal<\/td><td>16,99 \u20ac<\/td><\/tr><tr><td>Republik Moldau<\/td><td>16,99 \u20ac<\/td><\/tr><tr><td>Rum\u00e4nien<\/td><td>16,99 \u20ac<\/td><\/tr><tr><td>Russische F\u00f6deration<\/td><td>16,99 \u20ac<\/td><\/tr><tr><td>San Marino<\/td><td>16,99 \u20ac<\/td><\/tr><tr><td>Schweden<\/td><td>16,99 \u20ac<\/td><\/tr><tr><td>Serbien und Montenegro<\/td><td>16,99 \u20ac<\/td><\/tr><tr><td>Slowakei<\/td><td>16,99 \u20ac<\/td><\/tr><tr><td>Slowenien<\/td><td>16,99 \u20ac<\/td><\/tr><tr><td>Spanien<\/td><td>16,99 \u20ac<\/td><\/tr><tr><td>Svalbard und Jan Mayen<\/td><td>16,99 \u20ac<\/td><\/tr><tr><td>Tschechische Republik<\/td><td>16,99 \u20ac<\/td><\/tr><tr><td>T\u00fcrkei<\/td><td>16,99 \u20ac<\/td><\/tr><tr><td>Ukraine<\/td><td>16,99 \u20ac<\/td><\/tr><tr><td>Ungarn<\/td><td>16,99 \u20ac<\/td><\/tr><tr><td>Vatikanstadt<\/td><td>16,99 \u20ac<\/td><\/tr><tr><td>Vereinigtes K\u00f6nigreich<\/td><td>16,99 \u20ac<\/td><\/tr><tr><td>Zypern<\/td><td>16,99 \u20ac<\/td><\/tr><tr><td>Algerien<\/td><td>19,90 \u20ac<\/td><\/tr><tr><td>Angola<\/td><td>19,90 \u20ac<\/td><\/tr><tr><td>\u00c4quatorialguinea<\/td><td>19,90 \u20ac<\/td><\/tr><tr><td>\u00c4thiopien<\/td><td>19,90 \u20ac<\/td><\/tr><tr><td>Benin<\/td><td>19,90 \u20ac<\/td><\/tr><tr><td>Botsuana<\/td><td>19,90 \u20ac<\/td><\/tr><tr><td>Burkina Faso<\/td><td>19,90 \u20ac<\/td><\/tr><tr><td>Burundi<\/td><td>19,90 \u20ac<\/td><\/tr><tr><td>C\u00f4te d\u2019Ivoire<\/td><td>19,90 \u20ac<\/td><\/tr><tr><td>Demokratische Republik Kongo<\/td><td>19,90 \u20ac<\/td><\/tr><tr><td>Dschibuti<\/td><td>19,90 \u20ac<\/td><\/tr><tr><td>Eritrea<\/td><td>19,90 \u20ac<\/td><\/tr><tr><td>Gabun<\/td><td>19,90 \u20ac<\/td><\/tr><tr><td>Gambia<\/td><td>19,90 \u20ac<\/td><\/tr><tr><td>Ghana<\/td><td>19,90 \u20ac<\/td><\/tr><tr><td>Guinea-Bissau<\/td><td>19,90 \u20ac<\/td><\/tr><tr><td>Kamerun<\/td><td>19,90 \u20ac<\/td><\/tr><tr><td>Kap Verde<\/td><td>19,90 \u20ac<\/td><\/tr><tr><td>Kenia<\/td><td>19,90 \u20ac<\/td><\/tr><tr><td>Komoren<\/td><td>19,90 \u20ac<\/td><\/tr><tr><td>Kongo<\/td><td>19,90 \u20ac<\/td><\/tr><tr><td>Lesotho<\/td><td>19,90 \u20ac<\/td><\/tr><tr><td>Liberia<\/td><td>19,90 \u20ac<\/td><\/tr><tr><td>Madagaskar<\/td><td>19,90 \u20ac<\/td><\/tr><tr><td>Malawi<\/td><td>19,90 \u20ac<\/td><\/tr><tr><td>Mali<\/td><td>19,90 \u20ac<\/td><\/tr><tr><td>Marokko<\/td><td>19,90 \u20ac<\/td><\/tr><tr><td>Mauretanien<\/td><td>19,90 \u20ac<\/td><\/tr><tr><td>Mauritius<\/td><td>19,90 \u20ac<\/td><\/tr><tr><td>Mayotte<\/td><td>19,90 \u20ac<\/td><\/tr><tr><td>Mosambik<\/td><td>19,90 \u20ac<\/td><\/tr><tr><td>Namibia<\/td><td>19,90 \u20ac<\/td><\/tr><tr><td>Niger<\/td><td>19,90 \u20ac<\/td><\/tr><tr><td>Nigeria<\/td><td>19,90 \u20ac<\/td><\/tr><tr><td>R\u00e9union<\/td><td>19,90 \u20ac<\/td><\/tr><tr><td>Ruanda<\/td><td>19,90 \u20ac<\/td><\/tr><tr><td>Sambia<\/td><td>19,90 \u20ac<\/td><\/tr><tr><td>S\u00e3o Tom\u00e9 und Pr\u00edncipe<\/td><td>19,90 \u20ac<\/td><\/tr><tr><td>Senegal<\/td><td>19,90 \u20ac<\/td><\/tr><tr><td>Seychellen<\/td><td>19,90 \u20ac<\/td><\/tr><tr><td>Sierra Leone<\/td><td>19,90 \u20ac<\/td><\/tr><tr><td>Simbabwe<\/td><td>19,90 \u20ac<\/td><\/tr><tr><td>Somalia<\/td><td>19,90 \u20ac<\/td><\/tr><tr><td>S\u00fcdafrika<\/td><td>19,90 \u20ac<\/td><\/tr><tr><td>Sudan<\/td><td>19,90 \u20ac<\/td><\/tr><tr><td>Swasiland<\/td><td>19,90 \u20ac<\/td><\/tr><tr><td>Tansania<\/td><td>19,90 \u20ac<\/td><\/tr><tr><td>Togo<\/td><td>19,90 \u20ac<\/td><\/tr><tr><td>Tschad<\/td><td>19,90 \u20ac<\/td><\/tr><tr><td>Tunesien<\/td><td>19,90 \u20ac<\/td><\/tr><tr><td>Uganda<\/td><td>19,90 \u20ac<\/td><\/tr><tr><td>Westsahara<\/td><td>19,90 \u20ac<\/td><\/tr><tr><td>Zentralafrikanische Republik<\/td><td>19,90 \u20ac<\/td><\/tr><tr><td>Afghanistan<\/td><td>19,90 \u20ac<\/td><\/tr><tr><td>Armenien<\/td><td>19,90 \u20ac<\/td><\/tr><tr><td>Aserbaidschan<\/td><td>19,90 \u20ac<\/td><\/tr><tr><td>Bangladesch<\/td><td>19,90 \u20ac<\/td><\/tr><tr><td>Bhutan<\/td><td>19,90 \u20ac<\/td><\/tr><tr><td>Brunei Darussalam<\/td><td>19,90 \u20ac<\/td><\/tr><tr><td>China<\/td><td>19,90 \u20ac<\/td><\/tr><tr><td>Demokratische Volksrepublik Korea<\/td><td>19,90 \u20ac<\/td><\/tr><tr><td>Indien<\/td><td>19,90 \u20ac<\/td><\/tr><tr><td>Indonesien<\/td><td>19,90 \u20ac<\/td><\/tr><tr><td>Japan<\/td><td>19,90 \u20ac<\/td><\/tr><tr><td>Kambodscha<\/td><td>19,90 \u20ac<\/td><\/tr><tr><td>Kasachstan<\/td><td>19,90 \u20ac<\/td><\/tr><tr><td>Kirgisistan<\/td><td>19,90 \u20ac<\/td><\/tr><tr><td>Laos<\/td><td>19,90 \u20ac<\/td><\/tr><tr><td>Malaysia<\/td><td>19,90 \u20ac<\/td><\/tr><tr><td>Malediven<\/td><td>19,90 \u20ac<\/td><\/tr><tr><td>Mongolei<\/td><td>19,90 \u20ac<\/td><\/tr><tr><td>Myanmar<\/td><td>19,90 \u20ac<\/td><\/tr><tr><td>Nepal<\/td><td>19,90 \u20ac<\/td><\/tr><tr><td>N\u00f6rdliche Marianen<\/td><td>19,90 \u20ac<\/td><\/tr><tr><td>Osttimor<\/td><td>19,90 \u20ac<\/td><\/tr><tr><td>Pakistan<\/td><td>19,90 \u20ac<\/td><\/tr><tr><td>Philippinen<\/td><td>19,90 \u20ac<\/td><\/tr><tr><td>Republik Korea<\/td><td>19,90 \u20ac<\/td><\/tr><tr><td>Singapur<\/td><td>19,90 \u20ac<\/td><\/tr><tr><td>Sonderverwaltungszone Hongkong<\/td><td>19,90 \u20ac<\/td><\/tr><tr><td>Sonderverwaltungszone Macao<\/td><td>19,90 \u20ac<\/td><\/tr><tr><td>Sri Lanka<\/td><td>19,90 \u20ac<\/td><\/tr><tr><td>Suriname<\/td><td>19,90 \u20ac<\/td><\/tr><tr><td>Tadschikistan<\/td><td>19,90 \u20ac<\/td><\/tr><tr><td>Taiwan<\/td><td>19,90 \u20ac<\/td><\/tr><tr><td>Thailand<\/td><td>19,90 \u20ac<\/td><\/tr><tr><td>Turkmenistan<\/td><td>19,90 \u20ac<\/td><\/tr><tr><td>Usbekistan<\/td><td>19,90 \u20ac<\/td><\/tr><tr><td>Vietnam<\/td><td>19,90 \u20ac<\/td><\/tr><tr><td>Amerikanisch-Ozeanien<\/td><td>19,90 \u20ac<\/td><\/tr><tr><td>Gr\u00f6nland<\/td><td>19,90 \u20ac<\/td><\/tr><tr><td>Kanada<\/td><td>19,90 \u20ac<\/td><\/tr><tr><td>Mexiko<\/td><td>19,90 \u20ac<\/td><\/tr><tr><td>St. Pierre und Miquelon<\/td><td>19,90 \u20ac<\/td><\/tr><tr><td>Vereinigte Staaten<\/td><td>19,90 \u20ac<\/td><\/tr><tr><td>Anguilla<\/td><td>19,90 \u20ac<\/td><\/tr><tr><td>Aruba<\/td><td>19,90 \u20ac<\/td><\/tr><tr><td>Bahamas<\/td><td>19,90 \u20ac<\/td><\/tr><tr><td>Barbados<\/td><td>19,90 \u20ac<\/td><\/tr><tr><td>Bermuda<\/td><td>19,90 \u20ac<\/td><\/tr><tr><td>Britische Jungferninseln<\/td><td>19,90 \u20ac<\/td><\/tr><tr><td>El Salvador<\/td><td>19,90 \u20ac<\/td><\/tr><tr><td>Fidschi<\/td><td>19,90 \u20ac<\/td><\/tr><tr><td>Guadeloupe<\/td><td>19,90 \u20ac<\/td><\/tr><tr><td>Guatemala<\/td><td>19,90 \u20ac<\/td><\/tr><tr><td>Honduras<\/td><td>19,90 \u20ac<\/td><\/tr><tr><td>Jamaika<\/td><td>19,90 \u20ac<\/td><\/tr><tr><td>Kaimaninseln<\/td><td>19,90 \u20ac<\/td><\/tr><tr><td>Niederl\u00e4ndische Antillen<\/td><td>19,90 \u20ac<\/td><\/tr><tr><td>St. Barth\u00e9lemy<\/td><td>19,90 \u20ac<\/td><\/tr><tr><td>St. Kitts und Nevis<\/td><td>19,90 \u20ac<\/td><\/tr><tr><td>St. Lucia<\/td><td>19,90 \u20ac<\/td><\/tr><tr><td>St. Martin<\/td><td>19,90 \u20ac<\/td><\/tr><tr><td>St. Vincent und die Grenadinen<\/td><td>19,90 \u20ac<\/td><\/tr><tr><td>Trinidad und Tobago<\/td><td>19,90 \u20ac<\/td><\/tr><tr><td>Turks- und Caicosinseln<\/td><td>19,90 \u20ac<\/td><\/tr><tr><td>Amerikanische Jungferninseln<\/td><td>19,90 \u20ac<\/td><\/tr><tr><td>Antigua und Barbuda<\/td><td>19,90 \u20ac<\/td><\/tr><tr><td>Argentinien<\/td><td>19,90 \u20ac<\/td><\/tr><tr><td>Belize<\/td><td>19,90 \u20ac<\/td><\/tr><tr><td>Bolivien<\/td><td>19,90 \u20ac<\/td><\/tr><tr><td>Brasilien<\/td><td>19,90 \u20ac<\/td><\/tr><tr><td>Chile<\/td><td>19,90 \u20ac<\/td><\/tr><tr><td>Costa Rica<\/td><td>19,90 \u20ac<\/td><\/tr><tr><td>Dominica<\/td><td>19,90 \u20ac<\/td><\/tr><tr><td>Dominikanische Republik<\/td><td>19,90 \u20ac<\/td><\/tr><tr><td>Ecuador<\/td><td>19,90 \u20ac<\/td><\/tr><tr><td>Falklandinseln<\/td><td>19,90 \u20ac<\/td><\/tr><tr><td>Franz\u00f6sisch-Guayana<\/td><td>19,90 \u20ac<\/td><\/tr><tr><td>Grenada<\/td><td>19,90 \u20ac<\/td><\/tr><tr><td>Guam<\/td><td>19,90 \u20ac<\/td><\/tr><tr><td>Guinea<\/td><td>19,90 \u20ac<\/td><\/tr><tr><td>Guyana<\/td><td>19,90 \u20ac<\/td><\/tr><tr><td>Haiti<\/td><td>19,90 \u20ac<\/td><\/tr><tr><td>Kolumbien<\/td><td>19,90 \u20ac<\/td><\/tr><tr><td>Kuba<\/td><td>19,90 \u20ac<\/td><\/tr><tr><td>Martinique<\/td><td>19,90 \u20ac<\/td><\/tr><tr><td>Nicaragua<\/td><td>19,90 \u20ac<\/td><\/tr><tr><td>Panama<\/td><td>19,90 \u20ac<\/td><\/tr><tr><td>Paraguay<\/td><td>19,90 \u20ac<\/td><\/tr><tr><td>Peru<\/td><td>19,90 \u20ac<\/td><\/tr><tr><td>Puerto Rico<\/td><td>19,90 \u20ac<\/td><\/tr><tr><td>S\u00fcdgeorgien und die S\u00fcdlichen Sandwichinseln<\/td><td>19,90 \u20ac<\/td><\/tr><tr><td>Uruguay<\/td><td>19,90 \u20ac<\/td><\/tr><tr><td>Venezuela<\/td><td>19,90 \u20ac<\/td><\/tr><tr><td>\u00c4gypten<\/td><td>19,90 \u20ac<\/td><\/tr><tr><td>Bahrain<\/td><td>19,90 \u20ac<\/td><\/tr><tr><td>Irak<\/td><td>19,90 \u20ac<\/td><\/tr><tr><td>Iran<\/td><td>19,90 \u20ac<\/td><\/tr><tr><td>Israel<\/td><td>19,90 \u20ac<\/td><\/tr><tr><td>Jemen<\/td><td>19,90 \u20ac<\/td><\/tr><tr><td>Jordanien<\/td><td>19,90 \u20ac<\/td><\/tr><tr><td>Katar<\/td><td>19,90 \u20ac<\/td><\/tr><tr><td>Kuwait<\/td><td>19,90 \u20ac<\/td><\/tr><tr><td>Libanon<\/td><td>19,90 \u20ac<\/td><\/tr><tr><td>Libyen<\/td><td>19,90 \u20ac<\/td><\/tr><tr><td>Oman<\/td><td>19,90 \u20ac<\/td><\/tr><tr><td>Pal\u00e4stinensische Gebiete<\/td><td>19,90 \u20ac<\/td><\/tr><tr><td>Saudi-Arabien<\/td><td>19,90 \u20ac<\/td><\/tr><tr><td>Syrien<\/td><td>19,90 \u20ac<\/td><\/tr><tr><td>Vereinigte Arabische Emirate<\/td><td>19,90 \u20ac<\/td><\/tr><tr><td>Amerikanisch-Samoa<\/td><td>19,90 \u20ac<\/td><\/tr><tr><td>Antarktis<\/td><td>19,90 \u20ac<\/td><\/tr><tr><td>Australien<\/td><td>19,90 \u20ac<\/td><\/tr><tr><td>Bouvetinsel<\/td><td>19,90 \u20ac<\/td><\/tr><tr><td>Britisches Territorium im Indischen Ozean<\/td><td>19,90 \u20ac<\/td><\/tr><tr><td>Cookinseln<\/td><td>19,90 \u20ac<\/td><\/tr><tr><td>Franz\u00f6sische S\u00fcd- und Antarktisgebiete<\/td><td>19,90 \u20ac<\/td><\/tr><tr><td>Franz\u00f6sisch-Polynesien<\/td><td>19,90 \u20ac<\/td><\/tr><tr><td>Heard- und McDonald-Inseln<\/td><td>19,90 \u20ac<\/td><\/tr><tr><td>Kiribati<\/td><td>19,90 \u20ac<\/td><\/tr><tr><td>Kokosinseln<\/td><td>19,90 \u20ac<\/td><\/tr><tr><td>Marshallinseln<\/td><td>19,90 \u20ac<\/td><\/tr><tr><td>Mikronesien<\/td><td>19,90 \u20ac<\/td><\/tr><tr><td>Nauru<\/td><td>19,90 \u20ac<\/td><\/tr><tr><td>Neukaledonien<\/td><td>19,90 \u20ac<\/td><\/tr><tr><td>Neuseeland<\/td><td>19,90 \u20ac<\/td><\/tr><tr><td>Niue<\/td><td>19,90 \u20ac<\/td><\/tr><tr><td>Norfolkinsel<\/td><td>19,90 \u20ac<\/td><\/tr><tr><td>Palau<\/td><td>19,90 \u20ac<\/td><\/tr><tr><td>Papua-Neuguinea<\/td><td>19,90 \u20ac<\/td><\/tr><tr><td>Pitcairn<\/td><td>19,90 \u20ac<\/td><\/tr><tr><td>Salomonen<\/td><td>19,90 \u20ac<\/td><\/tr><tr><td>Samoa<\/td><td>19,90 \u20ac<\/td><\/tr><tr><td>St. Helena<\/td><td>19,90 \u20ac<\/td><\/tr><tr><td>Tokelau<\/td><td>19,90 \u20ac<\/td><\/tr><tr><td>Tonga<\/td><td>19,90 \u20ac<\/td><\/tr><tr><td>Tuvalu<\/td><td>19,90 \u20ac<\/td><\/tr><tr><td>Vanuatu<\/td><td>19,90 \u20ac<\/td><\/tr><tr><td>Wallis und Futuna<\/td><td>19,90 \u20ac<\/td><\/tr><tr><td>Weihnachtsinsel<\/td><td>19,90 \u20ac<\/td><\/tr><\/tbody><\/table><\/div><p>\u00a0<\/p><div id=\"cc-shop-info-payment-methods\"><h2 class=\"n\">Payment methods:<\/h2><ul><li>PayPal (credit card, direct debit, bank transfer)<div>If you select this payment method, you will be redirected to PayPal in the next step. When the required data has been entered there, it automatically goes back to this shop to complete the order.<\/div><\/li><li>Against prepayment<\/li><\/ul><\/div>\t\t\t\t\t\t\t\t<\/div>\n\t\t\t\t<\/div>\n\t\t\t\t\t<\/div>\n\t\t<\/div>\n\t\t\t\t\t<\/div>\n\t\t<\/section>\n\t\t\t\t<\/div>","protected":false},"excerpt":{"rendered":"<p>Liefer- und Zahlungsbedingungen Spezielle Hinweise zum Versand ins Ausland Bei<\/p>","protected":false},"author":1,"featured_media":0,"parent":0,"menu_order":0,"comment_status":"closed","ping_status":"closed","template":"","meta":{"footnotes":""},"class_list":["post-12203","page","type-page","status-publish"],"jetpack_sharing_enabled":true,"_links":{"self":[{"href":"https:\/\/www.woobasax.com\/en\/wp-json\/wp\/v2\/pages\/12203","targetHints":{"allow":["GET"]}}],"collection":[{"href":"https:\/\/www.woobasax.com\/en\/wp-json\/wp\/v2\/pages"}],"about":[{"href":"https:\/\/www.woobasax.com\/en\/wp-json\/wp\/v2\/types\/page"}],"author":[{"embeddable":true,"href":"https:\/\/www.woobasax.com\/en\/wp-json\/wp\/v2\/users\/1"}],"replies":[{"embeddable":true,"href":"https:\/\/www.woobasax.com\/en\/wp-json\/wp\/v2\/comments?post=12203"}],"version-history":[{"count":9,"href":"https:\/\/www.woobasax.com\/en\/wp-json\/wp\/v2\/pages\/12203\/revisions"}],"predecessor-version":[{"id":12638,"href":"https:\/\/www.woobasax.com\/en\/wp-json\/wp\/v2\/pages\/12203\/revisions\/12638"}],"wp:attachment":[{"href":"https:\/\/www.woobasax.com\/en\/wp-json\/wp\/v2\/media?parent=12203"}],"curies":[{"name":"wp","href":"https:\/\/api.w.org\/{rel}","templated":true}]}}